{"id":377709,"date":"2026-03-25T10:38:29","date_gmt":"2026-03-25T09:38:29","guid":{"rendered":"https:\/\/manohouse.dk\/vare\/balance-and-hydrate-duo\/"},"modified":"2026-04-14T09:07:48","modified_gmt":"2026-04-14T07:07:48","slug":"balance-and-hydrate-duo","status":"publish","type":"product","link":"https:\/\/manohouse.dk\/en\/vare\/balance-and-hydrate-duo\/","title":{"rendered":"Balance And Hydrate Duo"},"content":{"rendered":"<h3 data-start=\"313\" data-end=\"331\"><strong>Beskrivelse<\/strong><\/h3>\n<p data-start=\"332\" data-end=\"660\">iS Clinical Balance &amp; Hydrate Duo er et enkelt, men effektivt 2-trins hudplejes\u00e6t, der er udviklet til at give huden den perfekte kombination af rens og fugt. S\u00e6ttet best\u00e5r af Cleansing Complex, som renser huden i dybden og fjerner urenheder, samt Hydra-Cool Serum, der tilf\u00f8rer intensiv fugt og virker beroligende og k\u00f8lende. Duoen er velegnet til alle hudtyper \u2013 ogs\u00e5 sensitiv, kombineret eller uren hud \u2013 og hj\u00e6lper med at genskabe hudens naturlige balance, s\u00e5 den fremst\u00e5r mere ensartet og sund.<\/p>\n<h3 data-start=\"838\" data-end=\"855\">Anvendelse<\/h3>\n<p data-start=\"856\" data-end=\"1018\">Brug Cleansing Complex morgen og aften p\u00e5 fugtig hud og skyl af. P\u00e5f\u00f8r derefter 3\u20135 dr\u00e5ber Hydra-Cool Serum p\u00e5 ansigt og hals. Afslut med creme og SPF om dagen.<br \/>\nVelegnet som daglig basisrutine til en ren, fugtet og balanceret hud.<\/p>\n","protected":false},"excerpt":{"rendered":"<p data-start=\"43\" data-end=\"87\"><strong data-start=\"43\" data-end=\"87\">RENSET &#8211; BEROLIGER &#8211; FUGTER &#8211; BALANCERER<\/strong><\/p>\n<ul data-start=\"105\" data-end=\"311\">\n<li data-section-id=\"1tc89hi\" data-start=\"105\" data-end=\"146\">Renser huden sk\u00e5nsomt uden at udt\u00f8rre<\/li>\n<li data-section-id=\"1r0kwgk\" data-start=\"147\" data-end=\"183\">Giver intensiv og langvarig fugt<\/li>\n<li data-section-id=\"1tcm22o\" data-start=\"184\" data-end=\"217\">Beroliger irritation og r\u00f8dme<\/li>\n<li data-section-id=\"rbn6ag\" data-start=\"218\" data-end=\"266\">Hj\u00e6lper med at balancere talg og hudstruktur<\/li>\n<li data-section-id=\"1bqotbg\" data-start=\"267\" data-end=\"311\">Efterlader huden frisk, klar og gl\u00f8dende<\/li>\n<\/ul>\n","protected":false},"featured_media":377708,"comment_status":"open","ping_status":"closed","template":"","meta":{"_et_pb_use_builder":"","_et_pb_old_content":"","_et_gb_content_width":""},"product_brand":[92],"product_cat":[73,76,89,82,159,86,77,74,78,79],"product_tag":[],"class_list":{"0":"post-377709","1":"product","2":"type-product","3":"status-publish","4":"has-post-thumbnail","6":"product_brand-is-clinical","7":"product_cat-akne-urenheder","8":"product_cat-fugtmangel","9":"product_cat-hjemmebehandling","10":"product_cat-hudpleje","11":"product_cat-isclinical","12":"product_cat-rens","13":"product_cat-rosacea-og-roedme","14":"product_cat-rynker-linjer","15":"product_cat-sensitiv-hud","16":"product_cat-solskader","18":"first","19":"instock","20":"shipping-taxable","21":"purchasable","22":"product-type-simple"},"_links":{"self":[{"href":"https:\/\/manohouse.dk\/en\/wp-json\/wp\/v2\/product\/377709","targetHints":{"allow":["GET"]}}],"collection":[{"href":"https:\/\/manohouse.dk\/en\/wp-json\/wp\/v2\/product"}],"about":[{"href":"https:\/\/manohouse.dk\/en\/wp-json\/wp\/v2\/types\/product"}],"replies":[{"embeddable":true,"href":"https:\/\/manohouse.dk\/en\/wp-json\/wp\/v2\/comments?post=377709"}],"wp:featuredmedia":[{"embeddable":true,"href":"https:\/\/manohouse.dk\/en\/wp-json\/wp\/v2\/media\/377708"}],"wp:attachment":[{"href":"https:\/\/manohouse.dk\/en\/wp-json\/wp\/v2\/media?parent=377709"}],"wp:term":[{"taxonomy":"product_brand","embeddable":true,"href":"https:\/\/manohouse.dk\/en\/wp-json\/wp\/v2\/product_brand?post=377709"},{"taxonomy":"product_cat","embeddable":true,"href":"https:\/\/manohouse.dk\/en\/wp-json\/wp\/v2\/product_cat?post=377709"},{"taxonomy":"product_tag","embeddable":true,"href":"https:\/\/manohouse.dk\/en\/wp-json\/wp\/v2\/product_tag?post=377709"}],"curies":[{"name":"wp","href":"https:\/\/api.w.org\/{rel}","templated":true}]}}