{"id":377695,"date":"2026-03-25T10:24:25","date_gmt":"2026-03-25T09:24:25","guid":{"rendered":"https:\/\/manohouse.dk\/vare\/active-peel-system-15x2x29-ml\/"},"modified":"2026-04-10T17:38:35","modified_gmt":"2026-04-10T15:38:35","slug":"active-peel-system-15x2x29-ml","status":"publish","type":"product","link":"https:\/\/manohouse.dk\/en\/vare\/active-peel-system-15x2x29-ml\/","title":{"rendered":"Active Peel System 15x(2&#215;2,9 ml.)"},"content":{"rendered":"<h3><strong>Beskrivelse<\/strong><\/h3>\n<p>Active Peel System er en klinisk avanceret behandling baseret p\u00e5 botaniske ingredienser, der effektivt forfiner og forynger huden. Dette 2-trins system er designet til at reducere fine linjer, rynker og forst\u00f8rrede porer, samtidig med at det forbedrer hudens tone og tekstur.<\/p>\n<p>Behandlingen giver en k\u00f8lende og prikkende fornemmelse, n\u00e5r produktet begynder at virke, og arbejder p\u00e5 at skabe en bl\u00f8dere, glattere og mere hydreret hud. Ved regelm\u00e6ssig brug kan du forvente en synlig forbedring af hudens udseende, en mere ungdommelig gl\u00f8d og et sundere, st\u00e6rkere hudlag.<\/p>\n<h3>Anvendelse<\/h3>\n<p>Bruges helst om aften inden sengetid.<\/p>\n<p>Step 1: P\u00e5f\u00f8r f\u00f8rst trin 1 p\u00e5 ren, t\u00f8r hud. Mass\u00e9r forsigtigt produktet ind, indtil det er helt absorberet. Step 1 eksfoliere huden med sk\u00e5nsomme botaniske ingredienser. Du vil m\u00e6rke en prikken og stikken i huden.<br \/>\nStep 2: Vent 2 min efter step 1 og p\u00e5f\u00f8r herefter Step 2 p\u00e5 samme m\u00e5de. Step 2 har en fugtgivende og foryngende effekt p\u00e5 huden, med beroligende aktive naturingredienser.<br \/>\nIngen af produkterne skal renses af.\u00a0S\u00e6ttet indeholder 15 behandlinger, s\u00e5 du har til en m\u00e5neds kur forbrug.<\/p>\n<p><strong>Ingredienser<br \/>\n<\/strong>Trinn 1: Water\/Aqua\/Eau, Alcohol, Propanediol, Saccharum Officinarum (Sugar Cane) Extract [Extrait de canne \u00e0 sucre], Hamamelis Virginiana (Witch Hazel) Water, Pentylene Glycol, Citric Acid, Salicylic Acid, Aloe Barbadensis Leaf Juice, Salix Nigra (Willow) Bark Extract, Vaccinium Myrtillus (Bilberry) Fruit Extract, Citrus Aurantium Dulcis (Orange) Fruit Extract, Citrus Limon (Lemon) Fruit Extract, Camellia Sinensis Leaf Extract, Pyrus Malus (Apple) Fruit Extract, Acer Saccharum (Sugar Maple) Extract, Aminomethyl Propanol, 1,2-Hexanediol, Caprylyl Glycol, Menthol, Fragrance[Parfum], Disodium EDTA.<\/p>\n<p>Trinn 2: Water\/Aqua\/Eau, Propanediol, Scenedesmus Rubescens Extract, Pentylene Glycol, Butylene Glycol, Lentinus Edodes Mycelium Extract, Glycerin, Imperata Cylindrica Root Extract, Maltodextrin, Citrullus Lanatus (Watermelon) Fruit Extract, Pyrus Malus (Apple) Fruit Extract, Lens Esculenta (Lentil) Fruit Extract, Leucojum Aestivum Bulb Extract, Ascorbic Acid, Glycogen, Sodium PCA, Succinic Acid, Glutathione, Tripeptide-1, Colloidal Gold, Fragrance[Parfum], Sorbitol, PEG-8, 1,2-Hexanediol, Caprylyl Glycol, 1-Methylhydantoin-2-Imide, Sodium Lactate, Xanthan Gum, Carbomer, Disodium EDTA, Dextran.<\/p>\n","protected":false},"excerpt":{"rendered":"<p><strong>ANTI-AGEING &#8211; EKSFOLIERENDE &#8211; FORYNGENDE<\/strong><\/p>\n<ul>\n<li>Reducerer fine linjer og rynker<\/li>\n<li>Eksfolierer kontrolleret<\/li>\n<li>Forbedrer hudtone og tekstur<\/li>\n<li>Behandler akne og urenheder<\/li>\n<li>Stimulerer kollagenproduktionen, fremmer hudens fasthed og elasticitet.<\/li>\n<li>Skaber b\u00e5de hurtige og langsigtede resultater<\/li>\n<li>Hydrerer og forynger huden<\/li>\n<li>Styrker hudens sundhed og barriere<\/li>\n<li>Formindsker forst\u00f8rrede porer<\/li>\n<\/ul>\n","protected":false},"featured_media":377692,"comment_status":"open","ping_status":"closed","template":"","meta":{"_et_pb_use_builder":"","_et_pb_old_content":"","_et_gb_content_width":""},"product_brand":[92],"product_cat":[73,75,89,82,159,74,79],"product_tag":[],"class_list":{"0":"post-377695","1":"product","2":"type-product","3":"status-publish","4":"has-post-thumbnail","6":"product_brand-is-clinical","7":"product_cat-akne-urenheder","8":"product_cat-forstoerrede-porer","9":"product_cat-hjemmebehandling","10":"product_cat-hudpleje","11":"product_cat-isclinical","12":"product_cat-rynker-linjer","13":"product_cat-solskader","15":"first","16":"instock","17":"shipping-taxable","18":"purchasable","19":"product-type-simple"},"_links":{"self":[{"href":"https:\/\/manohouse.dk\/en\/wp-json\/wp\/v2\/product\/377695","targetHints":{"allow":["GET"]}}],"collection":[{"href":"https:\/\/manohouse.dk\/en\/wp-json\/wp\/v2\/product"}],"about":[{"href":"https:\/\/manohouse.dk\/en\/wp-json\/wp\/v2\/types\/product"}],"replies":[{"embeddable":true,"href":"https:\/\/manohouse.dk\/en\/wp-json\/wp\/v2\/comments?post=377695"}],"wp:featuredmedia":[{"embeddable":true,"href":"https:\/\/manohouse.dk\/en\/wp-json\/wp\/v2\/media\/377692"}],"wp:attachment":[{"href":"https:\/\/manohouse.dk\/en\/wp-json\/wp\/v2\/media?parent=377695"}],"wp:term":[{"taxonomy":"product_brand","embeddable":true,"href":"https:\/\/manohouse.dk\/en\/wp-json\/wp\/v2\/product_brand?post=377695"},{"taxonomy":"product_cat","embeddable":true,"href":"https:\/\/manohouse.dk\/en\/wp-json\/wp\/v2\/product_cat?post=377695"},{"taxonomy":"product_tag","embeddable":true,"href":"https:\/\/manohouse.dk\/en\/wp-json\/wp\/v2\/product_tag?post=377695"}],"curies":[{"name":"wp","href":"https:\/\/api.w.org\/{rel}","templated":true}]}}