{"id":377643,"date":"2026-03-24T15:22:49","date_gmt":"2026-03-24T14:22:49","guid":{"rendered":"https:\/\/manohouse.dk\/vare\/active-serum-15-ml\/"},"modified":"2026-04-12T09:03:17","modified_gmt":"2026-04-12T07:03:17","slug":"active-serum-15-ml","status":"publish","type":"product","link":"https:\/\/manohouse.dk\/en\/vare\/active-serum-15-ml\/","title":{"rendered":"Active Serum 15 ml"},"content":{"rendered":"<h3><strong>Beskrivelse<\/strong><\/h3>\n<p>ACTIVE SERUM fra iS Clinical er enok den mest solgte serum i deres serie, den kombinerer potent AHA- og BHA-syrer for at eksfoliere, rense og forny huden. Denne serum arbejder hurtigt for at udj\u00e6vne hudens tone og forbedre dens struktur. Det er ideelt til dem, der \u00f8nsker at bek\u00e6mpe aldringstegn, pigmentforandringer og akne. Formlen indeholder ogs\u00e5 st\u00e6rke antioxidanter, som beskytter huden mod milj\u00f8m\u00e6ssige skader og styrker dens generelle sundhed.<\/p>\n<h3>Anvendelse<\/h3>\n<p>P\u00e5f\u00f8r 2-3 dr\u00e5ber p\u00e5 ren, t\u00f8r hud om aftenen.<br \/>\nBrug det efter afrens og f\u00f8r din fugtighedscreme.<br \/>\nStart langsomt med 2-3 gange om ugen og \u00f8g gradvist brugen for at opn\u00e5 maksimal effekt.<\/p>\n<p><strong>Ingredienser<br \/>\n<\/strong>Water\/Aqua\/Eau, Glycerin, Butylene Glycol, Alcohol Denat., Saccharum Officinarum (Sugarcane) Extract [Extrait de canne \u00e0 sucre], Vaccinium Myrtillus Fruit\/Leaf Extract, Triethanolamine, Salix Alba (Willow) Bark Extract, Glyceryl Polyacrylate, Arbutin, Polyporus Umbellatus (Mushroom) Extract, Menthol, Phenoxyethanol.<\/p>\n","protected":false},"excerpt":{"rendered":"<p><strong>ANTI-AGING &#8211; ANTI-AKNE &#8211; LYSNENDE<\/strong><\/p>\n<ul>\n<li>Reducerer fine linjer og rynker: Effektiv anti-aging, der g\u00f8r huden glattere og yngre.<\/li>\n<li>Udj\u00e6vner pigmenteringer og grov hudstruktur: Mindsker synlige porer og uens hudtone.<\/li>\n<li>Behandler akne og urenheder: Aktiv mod hudproblemer som akne og acne-ar.<\/li>\n<li>Udglatter og bl\u00f8dg\u00f8r huden: Huden f\u00f8les \u00f8jeblikkeligt mere bl\u00f8d og smidig.<\/li>\n<li>B\u00e5de hurtige og langsigtede resultater: Forbedringer, der ses med det samme og forts\u00e6tter over tid.<\/li>\n<li>Lysner hudtonen: Skaber en mere ensartet og str\u00e5lende hudtone.<\/li>\n<li>Effektiv mod urenheder: Reducerer effektivt bet\u00e6ndelsestilstande og h\u00e6mmer udbrud.<\/li>\n<\/ul>\n","protected":false},"featured_media":378070,"comment_status":"open","ping_status":"closed","template":"","meta":{"_et_pb_use_builder":"","_et_pb_old_content":"","_et_gb_content_width":""},"product_brand":[92],"product_cat":[73,75,159,88,79,81],"product_tag":[],"class_list":{"0":"post-377643","1":"product","2":"type-product","3":"status-publish","4":"has-post-thumbnail","6":"product_brand-is-clinical","7":"product_cat-akne-urenheder","8":"product_cat-forstoerrede-porer","9":"product_cat-isclinical","10":"product_cat-serum","11":"product_cat-solskader","12":"product_cat-ung-hud","14":"first","15":"instock","16":"shipping-taxable","17":"purchasable","18":"product-type-simple"},"_links":{"self":[{"href":"https:\/\/manohouse.dk\/en\/wp-json\/wp\/v2\/product\/377643","targetHints":{"allow":["GET"]}}],"collection":[{"href":"https:\/\/manohouse.dk\/en\/wp-json\/wp\/v2\/product"}],"about":[{"href":"https:\/\/manohouse.dk\/en\/wp-json\/wp\/v2\/types\/product"}],"replies":[{"embeddable":true,"href":"https:\/\/manohouse.dk\/en\/wp-json\/wp\/v2\/comments?post=377643"}],"wp:featuredmedia":[{"embeddable":true,"href":"https:\/\/manohouse.dk\/en\/wp-json\/wp\/v2\/media\/378070"}],"wp:attachment":[{"href":"https:\/\/manohouse.dk\/en\/wp-json\/wp\/v2\/media?parent=377643"}],"wp:term":[{"taxonomy":"product_brand","embeddable":true,"href":"https:\/\/manohouse.dk\/en\/wp-json\/wp\/v2\/product_brand?post=377643"},{"taxonomy":"product_cat","embeddable":true,"href":"https:\/\/manohouse.dk\/en\/wp-json\/wp\/v2\/product_cat?post=377643"},{"taxonomy":"product_tag","embeddable":true,"href":"https:\/\/manohouse.dk\/en\/wp-json\/wp\/v2\/product_tag?post=377643"}],"curies":[{"name":"wp","href":"https:\/\/api.w.org\/{rel}","templated":true}]}}