{"id":377640,"date":"2026-03-24T14:51:00","date_gmt":"2026-03-24T13:51:00","guid":{"rendered":"https:\/\/manohouse.dk\/vare\/aloe-calendula-calming-mist-120-ml-circadia\/"},"modified":"2026-04-12T09:25:53","modified_gmt":"2026-04-12T07:25:53","slug":"aloe-calendula-calming-mist-120-ml-circadia","status":"publish","type":"product","link":"https:\/\/manohouse.dk\/en\/vare\/aloe-calendula-calming-mist-120-ml-circadia\/","title":{"rendered":"Aloe &amp; Calendula Calming Mist 120 ml. &#8211; Circadia"},"content":{"rendered":"<h3><strong>Beskrivelse<\/strong><\/h3>\n<p><strong>Beroligende Hudspray med Aloe, Calendula og Tangekstrakter<br \/>\n<\/strong>Denne spray er perfekt til at have med p\u00e5 farten, s\u00e5 du kan give din hud et hurtigt pusterum og <strong>\u00f8get komfort<\/strong> i l\u00f8bet af dagen. Den er <strong>velegnet til alle hudtyper<\/strong>, men er s\u00e6rligt gavnlig for dem med <strong>rosacea<\/strong>, <strong>f\u00f8lsom hud<\/strong> eller <strong>irritation efter solskoldning<\/strong>.<\/p>\n<p>Med dens <strong>friskende<\/strong> og <strong>beroligende<\/strong> egenskaber vil din hud f\u00f8les \u00f8jeblikkeligt lindret og opfrisket!<\/p>\n<p>Denne\u00a0<strong>beroligende hudspray<\/strong> er udviklet til at give intensiv fugt og lindring til huden, is\u00e6r n\u00e5r den er r\u00f8d, h\u00e6vet eller stresset. Den milde og effektive formel kombinerer <strong>naturlige ekstrakter<\/strong>, der beroliger, reparerer og beskytter huden. Perfekt til hud, der er f\u00f8lsom eller lider af tilstande som <strong>rosacea<\/strong>, <strong>irritation<\/strong> eller <strong>solskoldning<\/strong>.<\/p>\n<p>Aloe &amp; Calendula Calming Mist er perfekt til Rosacea og f\u00f8lsom hud med tendens til r\u00f8dme og irritation.\u00a0Hud, der lider af inflammation eller h\u00e6velse eller til brug efter solskoldning eller andre former for hudirritation.<\/p>\n<h3><strong>Anvendelse<\/strong><\/h3>\n<ul>\n<li><strong>Spray direkte<\/strong> p\u00e5 ansigtet og dekolletage efter behov, is\u00e6r p\u00e5 omr\u00e5der med r\u00f8dme eller irritation.<\/li>\n<li>Brug den som <strong>en opfriskning i l\u00f8bet af dagen<\/strong> for at genoprette hudens fugtbalance og give en k\u00f8lende effekt.<\/li>\n<li>Ideel efter <strong>solbadning<\/strong> for at <strong>berolige huden<\/strong> og hj\u00e6lpe med at genoprette fugtniveauet.<\/li>\n<\/ul>\n<p><strong>Ingredienser<\/strong><\/p>\n<p>Aqua\/vand, PEG\/PPG-8\/3 Laurate, Aloe BarbAdensis bladjuice, Bispeg\/PPG-16\/16 PEG\/PPG 16\/16 Dimethicone, Butylene glycol, Nymfaeaeail-prolin, natriumhyaluronat, Caprylic\/Capric triglycerid, Nymfaea alba Alba Alba Alba Alba Alba Alba Alba Alba Alba Alba Alba Alba Alba Alba Alba Alba Alba Alba Alba Alba (Hvidt vandlilje) blomsterekstrakt, natriumacrylater copolymer, havpiskekstrakt, chondrus crispus -ekstrakt, lecithin, gluconolacton, calendula officinalis blomsterekstrakt, kamomilla recutita (matricaria) blomsterekstrakt, rosa centifolia blomsterekstrakt, sambucus nigra (\u00e6ldreb\u00e6r) blomsterekstrakt, ekstrakt, blomsterekstrakt, ekstrakt, blomstrende ekstrakt, blomstrende ekstrakt, Aloe Barbadenesis bladekstrakt, caprylylglycol, hexylenglycol, natriumbenzoat, sorbinsyre, benzoesyre, chlorphenesin, natriumhydroxid, phenoxyethanol, tetrasodium edta.<\/p>\n","protected":false},"excerpt":{"rendered":"<p><strong>BEROLIGENDE &#8211; NATURLIG &#8211; REDUCERER INFLAMATION<\/strong><\/p>\n<ul>\n<li><strong>Fugter og beroliger<\/strong>: Indeholder <strong>Aloe Vera<\/strong> og <strong>Calendula<\/strong>, der effektivt lindrer irritation og r\u00f8dme, samtidig med at de tilf\u00f8rer huden intensiv fugt.<\/li>\n<li><strong>Reducerer inflammation<\/strong>: <strong>Marineekstrakterne<\/strong> fra <strong>tang<\/strong> arbejder p\u00e5 at reducere bet\u00e6ndelse og styrke hudens naturlige barriere, hvilket g\u00f8r den ideel til hud, der er udsat for regelm\u00e6ssige inflammatoriske reaktioner.<\/li>\n<li><strong>Fremmer heling og hudregenerering<\/strong>: <strong>Aloe Vera<\/strong> hj\u00e6lper med at stimulere hudens helingsprocesser, hvilket g\u00f8r den perfekt til at lindre solskoldning og andre former for hudirritation.<\/li>\n<li><strong>Energigivende og opfriskende<\/strong>: <strong>Hyldeblomst<\/strong> og <strong>roseekstrakt<\/strong> tilf\u00f8rer <strong>antioxidanter<\/strong>, der beskytter huden mod milj\u00f8p\u00e5virkninger og giver en sund, naturlig gl\u00f8d.<\/li>\n<\/ul>\n","protected":false},"featured_media":378078,"comment_status":"open","ping_status":"closed","template":"","meta":{"_et_pb_use_builder":"","_et_pb_old_content":"","_et_gb_content_width":""},"product_brand":[153],"product_cat":[160,85,77,78],"product_tag":[],"class_list":{"0":"post-377640","1":"product","2":"type-product","3":"status-publish","4":"has-post-thumbnail","6":"product_brand-circadia","7":"product_cat-circadia","8":"product_cat-mist","9":"product_cat-rosacea-og-roedme","10":"product_cat-sensitiv-hud","12":"first","13":"instock","14":"shipping-taxable","15":"purchasable","16":"product-type-simple"},"_links":{"self":[{"href":"https:\/\/manohouse.dk\/en\/wp-json\/wp\/v2\/product\/377640","targetHints":{"allow":["GET"]}}],"collection":[{"href":"https:\/\/manohouse.dk\/en\/wp-json\/wp\/v2\/product"}],"about":[{"href":"https:\/\/manohouse.dk\/en\/wp-json\/wp\/v2\/types\/product"}],"replies":[{"embeddable":true,"href":"https:\/\/manohouse.dk\/en\/wp-json\/wp\/v2\/comments?post=377640"}],"wp:featuredmedia":[{"embeddable":true,"href":"https:\/\/manohouse.dk\/en\/wp-json\/wp\/v2\/media\/378078"}],"wp:attachment":[{"href":"https:\/\/manohouse.dk\/en\/wp-json\/wp\/v2\/media?parent=377640"}],"wp:term":[{"taxonomy":"product_brand","embeddable":true,"href":"https:\/\/manohouse.dk\/en\/wp-json\/wp\/v2\/product_brand?post=377640"},{"taxonomy":"product_cat","embeddable":true,"href":"https:\/\/manohouse.dk\/en\/wp-json\/wp\/v2\/product_cat?post=377640"},{"taxonomy":"product_tag","embeddable":true,"href":"https:\/\/manohouse.dk\/en\/wp-json\/wp\/v2\/product_tag?post=377640"}],"curies":[{"name":"wp","href":"https:\/\/api.w.org\/{rel}","templated":true}]}}