{"id":377296,"date":"2026-03-19T14:11:20","date_gmt":"2026-03-19T13:11:20","guid":{"rendered":"https:\/\/manohouse.dk\/vare\/blond-absolu-2-pure-hyaluronic-acid-serum-50-ml\/"},"modified":"2026-04-13T17:08:19","modified_gmt":"2026-04-13T15:08:19","slug":"blond-absolu-2-pure-hyaluronic-acid-serum-50-ml","status":"publish","type":"product","link":"https:\/\/manohouse.dk\/en\/vare\/blond-absolu-2-pure-hyaluronic-acid-serum-50-ml\/","title":{"rendered":"Blond Absolu 2% Pure Hyaluronic Acid Serum 50 ml."},"content":{"rendered":"<h3><strong>Beskrivelse<\/strong><\/h3>\n<p>K\u00e9rastase Blond Absolu 2% Pure Hyaluronic Acid Serum er en intensiv behandling, der er specielt udviklet til at genopbygge og fugte blondt h\u00e5r, b\u00e5de naturligt og farvebehandlet. Dette serum indeholder 2% ren hyaluronsyre, en effektiv ingrediens, der tr\u00e6nger dybt ind i h\u00e5rstr\u00e5ene og tilf\u00f8rer intens fugt. Hyaluronsyren arbejder p\u00e5 at genoplive og forny h\u00e5rets struktur, hvilket efterlader det bl\u00f8dt, smidigt og mere modstandsdygtigt over for skader.<\/p>\n<p>Serumet er designet til at beskytte h\u00e5ret mod daglige stressfaktorer som varme, UV-str\u00e5ler og forurening, og det forbedrer h\u00e5rets glans og elasticitet. Det styrker h\u00e5ret indefra og reducerer risikoen for brud og spaltede ender, samtidig med at det opretholder den blonde nuances lysstyrke og friskhed. K\u00e9rastase Blond Absolu 2% Pure Hyaluronic Acid Serum er ideel til alle, der \u00f8nsker at bevare deres blonds nuance, samtidig med at h\u00e5ret f\u00e5r den n\u00f8dvendige fugt og pleje.<\/p>\n<h3>Anvendelse<\/h3>\n<ul>\n<li>P\u00e5f\u00f8r serumet i nyvasket, h\u00e5ndkl\u00e6det\u00f8rret h\u00e5r.<\/li>\n<li>Fordel serumet j\u00e6vnt i h\u00e5rets l\u00e6ngder og spidser.<\/li>\n<li>Mass\u00e9r forsigtigt ind og lad det virke i h\u00e5ret.<\/li>\n<li>F\u00f8nt\u00f8r og style h\u00e5ret som \u00f8nsket.<\/li>\n<li>Brug regelm\u00e6ssigt for at opretholde optimal fugt, styrke og glans.<\/li>\n<\/ul>\n<p><strong>Ingredienser<\/strong><\/p>\n<p>1248770 G &#8211; INGREDIENTS: \u00a0AQUA \/ WATER \/ EAU \u2022 GLYCERIN \u2022 SODIUM HYALURONATE \u2022 HYDROXYETHYLPIPERAZINE ETHANE SULFONIC ACID \u2022 PHENOXYETHANOL \u2022 CITRIC ACID \u2022 PEG-40 HYDROGENATED CASTOR OIL \u2022 CHLORPHENESIN \u2022 TETRASODIUM GLUTAMATE DIACETATE \u2022 LIMONENE \u2022 PARFUM \/ FRAGRANCE (F.I.L. N70025878\/1).<\/p>\n","protected":false},"excerpt":{"rendered":"<p><strong>BLOND &#8211; N\u00c6RING &amp; PLEJER &#8211; BEK\u00c6MPER VARME FARVER<\/strong><\/p>\n<ul>\n<li>Indeholder 2% ren hyaluronsyre for intensiv fugt og genopbygning<\/li>\n<li>Genopretter h\u00e5rets elasticitet, bl\u00f8dhed og glans<\/li>\n<li>Beskytter mod skader fra varme, UV-str\u00e5ler og forurening<\/li>\n<li>Reducerer synlig frizz og spaltede ender<\/li>\n<li>Styrker h\u00e5rets struktur og modstandsdygtighed<\/li>\n<li>Bevarer den blonde nuances friskhed og lysstyrke<\/li>\n<li>Let at p\u00e5f\u00f8re og hurtigt absorberes uden at tynge h\u00e5ret<\/li>\n<\/ul>\n","protected":false},"featured_media":377291,"comment_status":"open","ping_status":"closed","template":"","meta":{"_et_pb_use_builder":"","_et_pb_old_content":"","_et_gb_content_width":""},"product_brand":[155],"product_cat":[104,139,120,118,136],"product_tag":[],"class_list":{"0":"post-377296","1":"product","2":"type-product","3":"status-publish","4":"has-post-thumbnail","6":"product_brand-kerastase","7":"product_cat-blond","8":"product_cat-blond-absolu","9":"product_cat-haarolie-serum","10":"product_cat-haarprodukter","11":"product_cat-kerastase","13":"first","14":"instock","15":"shipping-taxable","16":"purchasable","17":"product-type-simple"},"_links":{"self":[{"href":"https:\/\/manohouse.dk\/en\/wp-json\/wp\/v2\/product\/377296","targetHints":{"allow":["GET"]}}],"collection":[{"href":"https:\/\/manohouse.dk\/en\/wp-json\/wp\/v2\/product"}],"about":[{"href":"https:\/\/manohouse.dk\/en\/wp-json\/wp\/v2\/types\/product"}],"replies":[{"embeddable":true,"href":"https:\/\/manohouse.dk\/en\/wp-json\/wp\/v2\/comments?post=377296"}],"wp:featuredmedia":[{"embeddable":true,"href":"https:\/\/manohouse.dk\/en\/wp-json\/wp\/v2\/media\/377291"}],"wp:attachment":[{"href":"https:\/\/manohouse.dk\/en\/wp-json\/wp\/v2\/media?parent=377296"}],"wp:term":[{"taxonomy":"product_brand","embeddable":true,"href":"https:\/\/manohouse.dk\/en\/wp-json\/wp\/v2\/product_brand?post=377296"},{"taxonomy":"product_cat","embeddable":true,"href":"https:\/\/manohouse.dk\/en\/wp-json\/wp\/v2\/product_cat?post=377296"},{"taxonomy":"product_tag","embeddable":true,"href":"https:\/\/manohouse.dk\/en\/wp-json\/wp\/v2\/product_tag?post=377296"}],"curies":[{"name":"wp","href":"https:\/\/api.w.org\/{rel}","templated":true}]}}