{"id":377198,"date":"2026-03-18T20:00:53","date_gmt":"2026-03-18T19:00:53","guid":{"rendered":"https:\/\/manohouse.dk\/vare\/ashita-supreme-length-serum-90-ml\/"},"modified":"2026-04-13T17:20:47","modified_gmt":"2026-04-13T15:20:47","slug":"ashita-supreme-length-serum-90-ml","status":"publish","type":"product","link":"https:\/\/manohouse.dk\/en\/vare\/ashita-supreme-length-serum-90-ml\/","title":{"rendered":"Ashita Supreme Length Serum 90 ml"},"content":{"rendered":"<h3><strong>Beskrivelse<\/strong><\/h3>\n<p>Leder du efter et effektivt h\u00e5rserum til t\u00f8rt og skadet h\u00e5r? Shu Uemura Ashita Supreme Intense Revitalization Serum er et eksklusivt leave-in serum, der er udviklet til at styrke, beskytte og give h\u00e5ret en intens, sund glans. Den avancerede formel er beriget med ashitaba-ekstrakt \u2013 en japansk plante kendt for sine regenererende egenskaber \u2013 samt antioxidant ferulinsyre, der hj\u00e6lper med at beskytte h\u00e5ret mod skader og forbedre dets modstandskraft. Resultatet er synligt sundere, st\u00e6rkere og mere glansfuldt h\u00e5r allerede efter f\u00f8rste brug.<br \/>\nSerummet tilf\u00f8rer n\u00e6ring til l\u00e6ngder og spidser uden at tynge h\u00e5ret og er ideelt som b\u00e5de stylingprodukt og varmebeskyttelse.<\/p>\n<h3>Anvendelse<\/h3>\n<p>P\u00e5f\u00f8r en lille m\u00e6ngde i l\u00e6ngder og spidser i fugtigt eller t\u00f8rt h\u00e5r. Skal ikke skylles ud. Kan bruges f\u00f8r styling for varmebeskyttelse eller som finish for ekstra glans.<br \/>\nResultat<br \/>\nVed regelm\u00e6ssig brug bliver h\u00e5ret:<br \/>\nOp til 2x mere glansfuldt<br \/>\nSt\u00e6rkere med f\u00e6rre kn\u00e6kkede h\u00e5rstr\u00e5<br \/>\nBl\u00f8dere, glattere og mere kontrolleret<\/p>\n<p>INGREDIENSER:<br \/>\nAQUA \/ WATER \/ EAU \u2022 ISOPROPYL MYRISTATE \u2022 DIMETHICONE \u2022 AMODIMETHICONE \u2022 AMINOMETHYL PROPANOL \u2022 PHENOXYETHANOL \u2022 CARBOMER \u2022 POLYQUATERNIUM-4 \u2022 POTATO STARCH MODIFIED \u2022 HYDROXYPROPYL GUAR \u2022 BEHENTRIMONIUM CHLORIDE \u2022 TRIDECETH-6 \u2022 BUTYLENE GLYCOL \u2022 ISOPROPYL ALCOHOL \u2022 BENZYL SALICYLATE \u2022 BENZYL ALCOHOL \u2022 LIMONENE \u2022 CETRIMONIUM CHLORIDE \u2022 LINALOOL \u2022 ALPHA-ISOMETHYL IONONE \u2022 HYDROXYCITRONELLAL \u2022 ANGELICA KEISKEI LEAF\/STEM EXTRACT \u2022 PANTHENOL \u2022 CITRAL \u2022 CAFFEINE \u2022 BIOTIN \u2022 FERULIC ACID \u2022 CITRIC ACID \u2022 PARFUM \/ FRAGRANCE (F.I.L. N70048164\/2).<\/p>\n","protected":false},"excerpt":{"rendered":"<p><strong>GENOPBYGGER H\u00c5RBRUD &#8211; REPARERER SPLALTEDE SPIDSER<\/strong><\/p>\n<ul>\n<li>H\u00e5rserum til t\u00f8rt, skadet og kruset h\u00e5r<\/li>\n<li>Giver op til 230\u00b0C varmebeskyttelse<\/li>\n<li>Reducerer h\u00e5rbrud og spaltede spidser<\/li>\n<li>Tilf\u00f8rer intens glans og bl\u00f8dhed<\/li>\n<li>G\u00f8r h\u00e5ret mere medg\u00f8rligt og nemmere at style<\/li>\n<li>Letv\u00e6gtsformel uden at fedte<\/li>\n<\/ul>\n","protected":false},"featured_media":377192,"comment_status":"open","ping_status":"closed","template":"","meta":{"_et_pb_use_builder":"","_et_pb_old_content":"","_et_gb_content_width":""},"product_brand":[154],"product_cat":[127,105,114,120,119,126,109,107,122],"product_tag":[],"class_list":{"0":"post-377198","1":"product","2":"type-product","3":"status-publish","4":"has-post-thumbnail","6":"product_brand-shu-uemura","7":"product_cat-ashita-supreme-intense-revitalization","8":"product_cat-beskadiget-haar","9":"product_cat-bloedgoerende","10":"product_cat-haarolie-serum","11":"product_cat-leave-in","12":"product_cat-shu-emura-art-of-hair","13":"product_cat-svaekket-haar","14":"product_cat-toert-haar","15":"product_cat-varmebeskyttende","17":"first","18":"instock","19":"shipping-taxable","20":"purchasable","21":"product-type-simple"},"_links":{"self":[{"href":"https:\/\/manohouse.dk\/en\/wp-json\/wp\/v2\/product\/377198","targetHints":{"allow":["GET"]}}],"collection":[{"href":"https:\/\/manohouse.dk\/en\/wp-json\/wp\/v2\/product"}],"about":[{"href":"https:\/\/manohouse.dk\/en\/wp-json\/wp\/v2\/types\/product"}],"replies":[{"embeddable":true,"href":"https:\/\/manohouse.dk\/en\/wp-json\/wp\/v2\/comments?post=377198"}],"wp:featuredmedia":[{"embeddable":true,"href":"https:\/\/manohouse.dk\/en\/wp-json\/wp\/v2\/media\/377192"}],"wp:attachment":[{"href":"https:\/\/manohouse.dk\/en\/wp-json\/wp\/v2\/media?parent=377198"}],"wp:term":[{"taxonomy":"product_brand","embeddable":true,"href":"https:\/\/manohouse.dk\/en\/wp-json\/wp\/v2\/product_brand?post=377198"},{"taxonomy":"product_cat","embeddable":true,"href":"https:\/\/manohouse.dk\/en\/wp-json\/wp\/v2\/product_cat?post=377198"},{"taxonomy":"product_tag","embeddable":true,"href":"https:\/\/manohouse.dk\/en\/wp-json\/wp\/v2\/product_tag?post=377198"}],"curies":[{"name":"wp","href":"https:\/\/api.w.org\/{rel}","templated":true}]}}