{"id":377190,"date":"2026-03-18T16:41:11","date_gmt":"2026-03-18T15:41:11","guid":{"rendered":"https:\/\/manohouse.dk\/vare\/blond-absolu-bain-lumiere-shampoo-250-ml\/"},"modified":"2026-04-13T18:45:55","modified_gmt":"2026-04-13T16:45:55","slug":"blond-absolu-bain-lumiere-shampoo-250-ml","status":"publish","type":"product","link":"https:\/\/manohouse.dk\/en\/vare\/blond-absolu-bain-lumiere-shampoo-250-ml\/","title":{"rendered":"Blond Absolu Bain Lumi\u00e8re Shampoo 250 ml."},"content":{"rendered":"<h3><strong>Beskrivelse<\/strong><\/h3>\n<p>K\u00e9rastase Blond Absolu Bain Lumi\u00e8re Shampoo er en luksuri\u00f8s shampoo, der er specielt udviklet til at rense og pleje blondt h\u00e5r, b\u00e5de naturligt og farvebehandlet. Denne shampoo er formuleret med en sk\u00e5nsom, men effektiv rensebase, der fjerner urenheder og produktrester, samtidig med at den opretholder h\u00e5rets naturlige fugtbalance. Den indeholder en blanding af hyaluronsyre og edelweiss-ekstrakt, som arbejder p\u00e5 at genopbygge og styrke h\u00e5ret, samtidig med at den bevarer den blonde farves lysstyrke og friskhed.<\/p>\n<p>Bain Lumi\u00e8re Shampoo er ideel til at fjerne gul- og orange undertoner i blondt h\u00e5r, hvilket giver en k\u00f8ligere og mere naturlig blond nuance. Den plejer h\u00e5ret, beskytter mod udt\u00f8rring og forurening, og efterlader h\u00e5ret bl\u00f8dt, glansfuldt og lettere at style. Shampooen giver h\u00e5ret et sundt, lysreflekterende look, samtidig med at den beskytter mod de skadelige p\u00e5virkninger, som kan opst\u00e5 ved farvning og styling.<\/p>\n<h3>Anvendelse<\/h3>\n<ul>\n<li>P\u00e5f\u00f8r shampooen i v\u00e5dt h\u00e5r.<\/li>\n<li>Mass\u00e9r produktet ind i h\u00e5rets l\u00e6ngder og hovedbund for at skabe et rigt skum.<\/li>\n<li>Skyl grundigt og gentag om n\u00f8dvendigt.<\/li>\n<li>F\u00f8lg op med K\u00e9rastase Blond Absolu Conditioner eller maske for ekstra pleje og fugt.<\/li>\n<\/ul>\n<p><strong>Ingredienser<\/strong><\/p>\n<p>1227605 D &#8211; INGREDIENTS: \u00a0AQUA \/ WATER \/ EAU \u2022 SODIUM LAURETH SULFATE \u2022 GLYCERIN \u2022 COCO-BETAINE \u2022 SODIUM CHLORIDE \u2022 COCAMIDE MIPA \u2022 CITRIC ACID \u2022 SODIUM BENZOATE \u2022 SODIUM HYDROXIDE \u2022 HEXYLENE GLYCOL \u2022 HYDROXYPROPYL GUAR HYDROXYPROPYLTRIMONIUM CHLORIDE \u2022 SALICYLIC ACID \u2022 LIMONENE \u2022 TOCOPHEROL \u2022 LEONTOPODIUM ALPINUM FLOWER\/LEAF EXTRACT \u2022 SODIUM HYALURONATE \u2022 MALVA SYLVESTRIS FLOWER\/LEAF\/STEM EXTRACT &#8211; MALLOW FLOWER\/LEAF\/STEM EXTRACT \u2022 POTASSIUM SORBATE \u2022 PARFUM \/ FRAGRANCE (F.I.L. N286238\/1).<\/p>\n","protected":false},"excerpt":{"rendered":"<p><strong>BLOND &#8211; N\u00c6RING &amp; PLEJE &#8211; HYALURONSYRE &#8211; GLANSFULDT<\/strong><\/p>\n<ul>\n<li>Specielt designet til blondt h\u00e5r, b\u00e5de naturligt og farvebehandlet<\/li>\n<li>Fjerner sk\u00e5nsomt urenheder og produktrester<\/li>\n<li>Bek\u00e6mper u\u00f8nskede varme undertoner og bevarer den blonde farves lysstyrke<\/li>\n<li>Beriget med hyaluronsyre og edelweiss-ekstrakt for at genopbygge og fugte h\u00e5ret<\/li>\n<li>Efterlader h\u00e5ret bl\u00f8dt, glansfuldt og lettere at style<\/li>\n<li>Beskytter mod udt\u00f8rring, forurening og skader fra varme<\/li>\n<li>Forbedrer h\u00e5rets struktur og sundhed<\/li>\n<\/ul>\n","protected":false},"featured_media":377184,"comment_status":"open","ping_status":"closed","template":"","meta":{"_et_pb_use_builder":"","_et_pb_old_content":"","_et_gb_content_width":""},"product_brand":[155],"product_cat":[104,139,125],"product_tag":[],"class_list":{"0":"post-377190","1":"product","2":"type-product","3":"status-publish","4":"has-post-thumbnail","6":"product_brand-kerastase","7":"product_cat-blond","8":"product_cat-blond-absolu","9":"product_cat-shampoo","11":"first","12":"instock","13":"shipping-taxable","14":"purchasable","15":"product-type-simple"},"_links":{"self":[{"href":"https:\/\/manohouse.dk\/en\/wp-json\/wp\/v2\/product\/377190","targetHints":{"allow":["GET"]}}],"collection":[{"href":"https:\/\/manohouse.dk\/en\/wp-json\/wp\/v2\/product"}],"about":[{"href":"https:\/\/manohouse.dk\/en\/wp-json\/wp\/v2\/types\/product"}],"replies":[{"embeddable":true,"href":"https:\/\/manohouse.dk\/en\/wp-json\/wp\/v2\/comments?post=377190"}],"wp:featuredmedia":[{"embeddable":true,"href":"https:\/\/manohouse.dk\/en\/wp-json\/wp\/v2\/media\/377184"}],"wp:attachment":[{"href":"https:\/\/manohouse.dk\/en\/wp-json\/wp\/v2\/media?parent=377190"}],"wp:term":[{"taxonomy":"product_brand","embeddable":true,"href":"https:\/\/manohouse.dk\/en\/wp-json\/wp\/v2\/product_brand?post=377190"},{"taxonomy":"product_cat","embeddable":true,"href":"https:\/\/manohouse.dk\/en\/wp-json\/wp\/v2\/product_cat?post=377190"},{"taxonomy":"product_tag","embeddable":true,"href":"https:\/\/manohouse.dk\/en\/wp-json\/wp\/v2\/product_tag?post=377190"}],"curies":[{"name":"wp","href":"https:\/\/api.w.org\/{rel}","templated":true}]}}