{"id":377068,"date":"2026-03-18T14:38:15","date_gmt":"2026-03-18T13:38:15","guid":{"rendered":"https:\/\/manohouse.dk\/vare\/awa-volume-150-ml\/"},"modified":"2026-04-13T19:08:17","modified_gmt":"2026-04-13T17:08:17","slug":"awa-volume-150-ml","status":"publish","type":"product","link":"https:\/\/manohouse.dk\/en\/vare\/awa-volume-150-ml\/","title":{"rendered":"Awa Volume 150 ml."},"content":{"rendered":"<h3><strong>Beskrivelse<\/strong><\/h3>\n<p>Shu Uemura Art of Hair Awa Volume er en luksuri\u00f8s volumenspray, der er designet til at tilf\u00f8re fylde og tekstur til fint og tyndt h\u00e5r. Formlen indeholder <strong>rice powder<\/strong>, som hj\u00e6lper med at absorbere overskydende olie og giver h\u00e5ret ekstra tekstur og l\u00f8ft. Den lette formel giver h\u00e5ret <strong>langvarig volumen<\/strong> uden at tynge det ned, og efterlader h\u00e5ret <strong>bl\u00f8dt<\/strong> og <strong>luftigt<\/strong>. Denne volumenspray giver en sund glans og g\u00f8r det lettere at style h\u00e5ret med ekstra fylde, hvilket er ideelt for dem, der \u00f8nsker et <strong>volumin\u00f8st<\/strong> og <strong>fyldigt look<\/strong>.<\/p>\n<h3>Anvendelse<\/h3>\n<ul>\n<li>Spray p\u00e5 <strong>t\u00f8rt<\/strong> h\u00e5r, is\u00e6r i r\u00f8dderne og p\u00e5 de omr\u00e5der, hvor du \u00f8nsker ekstra volumen.<\/li>\n<li>Mass\u00e9r forsigtigt ind i h\u00e5ret for at give l\u00f8ft og tekstur.<\/li>\n<li>Style h\u00e5ret som \u00f8nsket \u2013 for ekstra volumen kan du bruge en b\u00f8rste eller f\u00f8nt\u00f8rrer.<\/li>\n<li>Brug regelm\u00e6ssigt for at opn\u00e5 fyldigere og mere volum\u00f8st h\u00e5r.<\/li>\n<\/ul>\n<p><strong>Tip:<\/strong> Brug Shu Uemura Art of Hair Awa Volume sammen med <strong>Shu Uemura Art of Hair Moringa Essence<\/strong> for at opn\u00e5 b\u00e5de volumen og pleje i et produkt.<\/p>\n<p><strong>Ingredienser<\/strong><\/p>\n<p>AQUA \/ WATER, ISOBUTANE, PROPYLENE GLYCOL, BUTANE, PROPANE, VP\/ACRYLATES\/LAURYL METHACRYLATE COPOLYMER, PHENOXYETHANOL, AMP-ACRYLATES\/ALLYL METHACRYLATE COPOLYMER, PEG-40 HYDROGENATED CASTOR OIL, PARFUM \/ FRAGRANCE, AMINOMETHYL PROPANOL, TRIDECETH-9 PG-AMODIMETHICONE, ETHYLHEXYLGLYCERIN, BENZOPHENONE-4, TRIDECETH-12, LIMONENE, 2-OLEAMIDO-1,3-OCTADECANEDIOL, XYLOSE, CAPRYLIC\/CAPRIC TRIGLYCERIDE, BUTYLENE GLYCOL, BENZYL BENZOATE, ALPHA-ISOMETHYL IONONE, LINALOOL, HEXYL CINNAMAL, CITRAL, CRYPTOMERIA JAPONICA BUD EXTRACT, BAMBUSA<\/p>\n","protected":false},"excerpt":{"rendered":"<h4><strong>LETV\u00c6GTSFORMEL &#8211; MOUSE &#8211; L\u00d8FT &#8211; VOLUME &amp; FYLDE<\/strong><\/h4>\n<ul>\n<li><strong>Volumengivende<\/strong> stylingprodukt, der tilf\u00f8rer lette l\u00f8ft og fylde til h\u00e5ret.<\/li>\n<li>Skaber <strong>langvarig volumen<\/strong> uden at tynge h\u00e5ret.<\/li>\n<li>Indeholder <strong>rice powder<\/strong> (risstivelse) for at absorbere overskydende olie og give tekstur.<\/li>\n<li><strong>Letv\u00e6gtsformel<\/strong>, der giver h\u00e5ret en <strong>luftig f\u00f8lelse<\/strong> og <strong>fylde<\/strong>.<\/li>\n<li><strong>Velegnet til fint og tyndt h\u00e5r<\/strong>, der har brug for ekstra volumen og l\u00f8ft.<\/li>\n<li>Efterlader h\u00e5ret <strong>bl\u00f8dt<\/strong>, <strong>let<\/strong> og med en sund glans.<\/li>\n<\/ul>\n","protected":false},"featured_media":377065,"comment_status":"open","ping_status":"closed","template":"","meta":{"_et_pb_use_builder":"","_et_pb_old_content":"","_et_gb_content_width":""},"product_brand":[154],"product_cat":[126,121],"product_tag":[],"class_list":{"0":"post-377068","1":"product","2":"type-product","3":"status-publish","4":"has-post-thumbnail","6":"product_brand-shu-uemura","7":"product_cat-shu-emura-art-of-hair","8":"product_cat-styling","10":"first","11":"instock","12":"shipping-taxable","13":"purchasable","14":"product-type-simple"},"_links":{"self":[{"href":"https:\/\/manohouse.dk\/en\/wp-json\/wp\/v2\/product\/377068","targetHints":{"allow":["GET"]}}],"collection":[{"href":"https:\/\/manohouse.dk\/en\/wp-json\/wp\/v2\/product"}],"about":[{"href":"https:\/\/manohouse.dk\/en\/wp-json\/wp\/v2\/types\/product"}],"replies":[{"embeddable":true,"href":"https:\/\/manohouse.dk\/en\/wp-json\/wp\/v2\/comments?post=377068"}],"wp:featuredmedia":[{"embeddable":true,"href":"https:\/\/manohouse.dk\/en\/wp-json\/wp\/v2\/media\/377065"}],"wp:attachment":[{"href":"https:\/\/manohouse.dk\/en\/wp-json\/wp\/v2\/media?parent=377068"}],"wp:term":[{"taxonomy":"product_brand","embeddable":true,"href":"https:\/\/manohouse.dk\/en\/wp-json\/wp\/v2\/product_brand?post=377068"},{"taxonomy":"product_cat","embeddable":true,"href":"https:\/\/manohouse.dk\/en\/wp-json\/wp\/v2\/product_cat?post=377068"},{"taxonomy":"product_tag","embeddable":true,"href":"https:\/\/manohouse.dk\/en\/wp-json\/wp\/v2\/product_tag?post=377068"}],"curies":[{"name":"wp","href":"https:\/\/api.w.org\/{rel}","templated":true}]}}