{"id":376922,"date":"2026-03-18T13:42:17","date_gmt":"2026-03-18T12:42:17","guid":{"rendered":"https:\/\/manohouse.dk\/vare\/ashita-supreme-intense-revitalization-serum\/"},"modified":"2026-04-13T19:38:55","modified_gmt":"2026-04-13T17:38:55","slug":"ashita-supreme-intense-revitalization-serum","status":"publish","type":"product","link":"https:\/\/manohouse.dk\/en\/vare\/ashita-supreme-intense-revitalization-serum\/","title":{"rendered":"Ashita Supreme Intense Revitalization Serum"},"content":{"rendered":"<h3 data-start=\"443\" data-end=\"461\"><strong>Beskrivelse<\/strong><\/h3>\n<p data-start=\"462\" data-end=\"802\">Shu Uemura Ashita Supreme Intense Revitalization Serum er et eksklusivt leave-in serum inspireret af den japanske ashitaba-plante, kendt for sine regenererende egenskaber. Serummet arbejder i dybden for at genopbygge og revitalisere h\u00e5ret, s\u00e5 det fremst\u00e5r st\u00e6rkere, glattere og mere modstandsdygtigt.<br \/>\nDen avancerede formel hj\u00e6lper med at reducere h\u00e5rbrud, forbedre h\u00e5rets elasticitet og give en intens, sund glans. Allerede efter \u00e9n p\u00e5f\u00f8ring kan h\u00e5ret f\u00f8les op til 2x mere glansfuldt og betydeligt mere medg\u00f8rligt.<\/p>\n<h3>Anvendelse<\/h3>\n<ul>\n<li>P\u00e5f\u00f8r\u00a0<strong>et par dr\u00e5ber<\/strong> serum i <strong>fugtigt<\/strong> eller <strong>t\u00f8rt<\/strong> h\u00e5r, koncentr\u00e9r dig om l\u00e6ngderne og spidserne.<\/li>\n<li>Mass\u00e9r forsigtigt ind i h\u00e5ret og lad det absorbere.<\/li>\n<li>Brug regelm\u00e6ssigt for at forbedre h\u00e5rets struktur, give\u00a0<strong>intensiv pleje<\/strong> og beskytte mod skader.<\/li>\n<li>Kan anvendes som en daglig behandling eller som et ekstra lag af beskyttelse ved styling.<\/li>\n<\/ul>\n<p><strong>Tip:<\/strong> For ekstra effekt, brug serummet sammen med <strong>Shu Uemura Art of Hair Ashita Supreme Intense Revitalization Shampoo<\/strong> og <strong>Conditioner<\/strong> for et komplet plejeprogram, der giver dit h\u00e5r den ultimative regenerering og beskyttelse.<\/p>\n<p><strong>Ingredienser<br \/>\n<\/strong>AQUA \/ WATER \u2022 DIMETHICONE \u2022 C13-16 ISOPARAFFIN \u2022 GLYCERIN \u2022 POLYACRYLAMIDE \u2022 PHENOXYETHANOL \u2022 C13-14 ISOPARAFFIN \u2022 LAURETH-7 \u2022 BUTYLENE GLYCOL \u2022 BENZYL SALICYLATE \u2022 LINALOOL \u2022 BENZYL ALCOHOL \u2022 LIMONENE \u2022 ALPHA-ISOMETHYL IONONE \u2022 HYDROXYCITRONELLAL \u2022 ANGELICA KEISKEI LEAF\/STEM EXTRACT \u2022 CITRAL \u2022 PARFUM \/ FRAGRANCE<\/p>\n","protected":false},"excerpt":{"rendered":"<p data-start=\"138\" data-end=\"176\"><strong data-start=\"138\" data-end=\"176\">REPARATION &#8211; STYRKE &#8211; GLANS &#8211; FUGT<\/strong><\/p>\n<ul data-start=\"194\" data-end=\"441\">\n<li data-section-id=\"1k1ueiz\" data-start=\"194\" data-end=\"240\">Styrker h\u00e5ret og reducerer h\u00e5rbrud markant<\/li>\n<li data-section-id=\"60d5qi\" data-start=\"241\" data-end=\"283\">Giver intens glans og silkebl\u00f8d finish<\/li>\n<li data-section-id=\"52ly3y\" data-start=\"284\" data-end=\"322\">Reducerer krus og spaltede spidser<\/li>\n<li data-section-id=\"116v5iq\" data-start=\"323\" data-end=\"369\">Tilf\u00f8rer fugt og forbedrer h\u00e5rets struktur<\/li>\n<li data-section-id=\"12cpxpp\" data-start=\"370\" data-end=\"441\">Varmebeskyttelse op til 230\u00b0C<\/li>\n<\/ul>\n","protected":false},"featured_media":376918,"comment_status":"open","ping_status":"closed","template":"","meta":{"_et_pb_use_builder":"","_et_pb_old_content":"","_et_gb_content_width":""},"product_brand":[154],"product_cat":[127,105,120,126,107],"product_tag":[],"class_list":{"0":"post-376922","1":"product","2":"type-product","3":"status-publish","4":"has-post-thumbnail","6":"product_brand-shu-uemura","7":"product_cat-ashita-supreme-intense-revitalization","8":"product_cat-beskadiget-haar","9":"product_cat-haarolie-serum","10":"product_cat-shu-emura-art-of-hair","11":"product_cat-toert-haar","13":"first","14":"instock","15":"shipping-taxable","16":"purchasable","17":"product-type-simple"},"_links":{"self":[{"href":"https:\/\/manohouse.dk\/en\/wp-json\/wp\/v2\/product\/376922","targetHints":{"allow":["GET"]}}],"collection":[{"href":"https:\/\/manohouse.dk\/en\/wp-json\/wp\/v2\/product"}],"about":[{"href":"https:\/\/manohouse.dk\/en\/wp-json\/wp\/v2\/types\/product"}],"replies":[{"embeddable":true,"href":"https:\/\/manohouse.dk\/en\/wp-json\/wp\/v2\/comments?post=376922"}],"wp:featuredmedia":[{"embeddable":true,"href":"https:\/\/manohouse.dk\/en\/wp-json\/wp\/v2\/media\/376918"}],"wp:attachment":[{"href":"https:\/\/manohouse.dk\/en\/wp-json\/wp\/v2\/media?parent=376922"}],"wp:term":[{"taxonomy":"product_brand","embeddable":true,"href":"https:\/\/manohouse.dk\/en\/wp-json\/wp\/v2\/product_brand?post=376922"},{"taxonomy":"product_cat","embeddable":true,"href":"https:\/\/manohouse.dk\/en\/wp-json\/wp\/v2\/product_cat?post=376922"},{"taxonomy":"product_tag","embeddable":true,"href":"https:\/\/manohouse.dk\/en\/wp-json\/wp\/v2\/product_tag?post=376922"}],"curies":[{"name":"wp","href":"https:\/\/api.w.org\/{rel}","templated":true}]}}